{"id":4010,"date":"2019-08-29T15:03:45","date_gmt":"2019-08-29T13:03:45","guid":{"rendered":"https:\/\/www.beautixstore.com\/product\/beautix-rubber-base-gel\/"},"modified":"2019-08-29T15:03:45","modified_gmt":"2019-08-29T13:03:45","slug":"beautix-rubber-base-gel","status":"publish","type":"product","link":"https:\/\/www.beautixstore.com\/fr\/produit\/beautix-rubber-base-gel\/","title":{"rendered":"Beautix Rubber Base Gel"},"content":{"rendered":"<p><strong>Beautix Rubber Base LED\/UV Gel<\/strong><\/p>\n<p>Le vernis \u00e0 ongles gel Beautix est facile \u00e0 appliquer et offre une couleur longue dur\u00e9e de plus de 21 jours.<\/p>\n<p>Son pinceau contour innovant permet d&rsquo;enduire uniform\u00e9ment chaque ongle pour une finition plus lisse, et son extr\u00e9mit\u00e9 arrondie suit la forme de l&rsquo;ongle pour une application facile.<\/p>\n<p>Le vernis gel Beautix est super pigment\u00e9, parfait pour le nail art.<\/p>\n<p>Consistance plus cr\u00e9meuse et flexible. Il n&rsquo;y a pas de dommages ou de rayures. Utilisez-le sur une plaque d&rsquo;ongle naturelle.<\/p>\n<p>Ce produit est exempt de formald\u00e9hyde, de r\u00e9sine de formald\u00e9hyde, de tolu\u00e8ne, de dbp (dibutyl phthlate), de camphre et de xyl\u00e8ne.<\/p>\n<p>Il n&rsquo;est pas test\u00e9 sur les animaux.<\/p>\n<p>Disponible dans plus de 200 couleurs tendances.<\/p>\n<p>Le Beautix durcit totalement \u00e0 la lumi\u00e8re UV et LED.<\/p>\n<p>Contenance: 15 ml (0.5 fl oz)<\/p>\n<p>Fabriqu\u00e9 en France<\/p>\n","protected":false},"excerpt":{"rendered":"<p>Beautix Rubber Base LED\/UV Gel Le vernis \u00e0 ongles gel Beautix est facile \u00e0 appliquer et offre une couleur longue dur\u00e9e de plus de 21 jours. Son pinceau contour innovant permet d&rsquo;enduire uniform\u00e9ment chaque ongle pour une finition plus lisse, et son extr\u00e9mit\u00e9 arrondie suit la forme de l&rsquo;ongle pour une application facile. Le vernis [&hellip;]<\/p>\n","protected":false},"featured_media":3098,"template":"","meta":[],"product_brand":[],"product_cat":[66],"product_tag":[],"class_list":{"0":"post-4010","1":"product","2":"type-product","3":"status-publish","4":"has-post-thumbnail","6":"product_cat-base-coat","8":"first","9":"instock","10":"sale","11":"shipping-taxable","12":"purchasable","13":"product-type-simple"},"_links":{"self":[{"href":"https:\/\/www.beautixstore.com\/fr\/wp-json\/wp\/v2\/product\/4010","targetHints":{"allow":["GET"]}}],"collection":[{"href":"https:\/\/www.beautixstore.com\/fr\/wp-json\/wp\/v2\/product"}],"about":[{"href":"https:\/\/www.beautixstore.com\/fr\/wp-json\/wp\/v2\/types\/product"}],"wp:featuredmedia":[{"embeddable":true,"href":"https:\/\/www.beautixstore.com\/fr\/wp-json\/wp\/v2\/media\/3098"}],"wp:attachment":[{"href":"https:\/\/www.beautixstore.com\/fr\/wp-json\/wp\/v2\/media?parent=4010"}],"wp:term":[{"taxonomy":"product_brand","embeddable":true,"href":"https:\/\/www.beautixstore.com\/fr\/wp-json\/wp\/v2\/product_brand?post=4010"},{"taxonomy":"product_cat","embeddable":true,"href":"https:\/\/www.beautixstore.com\/fr\/wp-json\/wp\/v2\/product_cat?post=4010"},{"taxonomy":"product_tag","embeddable":true,"href":"https:\/\/www.beautixstore.com\/fr\/wp-json\/wp\/v2\/product_tag?post=4010"}],"curies":[{"name":"wp","href":"https:\/\/api.w.org\/{rel}","templated":true}]}}