{"id":3999,"date":"2020-10-08T20:47:01","date_gmt":"2020-10-08T18:47:01","guid":{"rendered":"https:\/\/www.beautixstore.com\/product\/beautix-cuticle-oil-perfume\/"},"modified":"2020-10-08T20:47:01","modified_gmt":"2020-10-08T18:47:01","slug":"beautix-cuticle-oil-perfume","status":"publish","type":"product","link":"https:\/\/www.beautixstore.com\/fr\/produit\/beautix-cuticle-oil-perfume\/","title":{"rendered":"Beautix Cuticle Oil &#8211; Perfume"},"content":{"rendered":"<p>Huile \u00e0 cuticules Beautix &#8211; Parfum &#8211; Booster d&rsquo;hydratation suppl\u00e9mentaire pour vos ongles et cuticules<\/p>\n<p>Satisfaites vos sens en utilisant cette huile \u00e0 cuticules au parfum doux qui est efficace contre les cuticules endommag\u00e9es et s\u00e8ches. Offrez \u00e0 vos ongles une formule id\u00e9ale pour stimuler leur croissance et pr\u00e9server leur bien-\u00eatre.<\/p>\n","protected":false},"excerpt":{"rendered":"<p>Huile \u00e0 cuticules Beautix &#8211; Parfum &#8211; Booster d&rsquo;hydratation suppl\u00e9mentaire pour vos ongles et cuticules Satisfaites vos sens en utilisant cette huile \u00e0 cuticules au parfum doux qui est efficace contre les cuticules endommag\u00e9es et s\u00e8ches. Offrez \u00e0 vos ongles une formule id\u00e9ale pour stimuler leur croissance et pr\u00e9server leur bien-\u00eatre.<\/p>\n","protected":false},"featured_media":3186,"template":"","meta":[],"product_brand":[],"product_cat":[72],"product_tag":[],"class_list":{"0":"post-3999","1":"product","2":"type-product","3":"status-publish","4":"has-post-thumbnail","6":"product_cat-huile","8":"first","9":"instock","10":"shipping-taxable","11":"purchasable","12":"product-type-simple"},"_links":{"self":[{"href":"https:\/\/www.beautixstore.com\/fr\/wp-json\/wp\/v2\/product\/3999","targetHints":{"allow":["GET"]}}],"collection":[{"href":"https:\/\/www.beautixstore.com\/fr\/wp-json\/wp\/v2\/product"}],"about":[{"href":"https:\/\/www.beautixstore.com\/fr\/wp-json\/wp\/v2\/types\/product"}],"wp:featuredmedia":[{"embeddable":true,"href":"https:\/\/www.beautixstore.com\/fr\/wp-json\/wp\/v2\/media\/3186"}],"wp:attachment":[{"href":"https:\/\/www.beautixstore.com\/fr\/wp-json\/wp\/v2\/media?parent=3999"}],"wp:term":[{"taxonomy":"product_brand","embeddable":true,"href":"https:\/\/www.beautixstore.com\/fr\/wp-json\/wp\/v2\/product_brand?post=3999"},{"taxonomy":"product_cat","embeddable":true,"href":"https:\/\/www.beautixstore.com\/fr\/wp-json\/wp\/v2\/product_cat?post=3999"},{"taxonomy":"product_tag","embeddable":true,"href":"https:\/\/www.beautixstore.com\/fr\/wp-json\/wp\/v2\/product_tag?post=3999"}],"curies":[{"name":"wp","href":"https:\/\/api.w.org\/{rel}","templated":true}]}}