{"id":3998,"date":"2020-10-08T20:50:17","date_gmt":"2020-10-08T18:50:17","guid":{"rendered":"https:\/\/www.beautixstore.com\/product\/beautix-cuticle-oil-chill-freesia\/"},"modified":"2020-10-08T20:50:17","modified_gmt":"2020-10-08T18:50:17","slug":"beautix-cuticle-oil-chill-freesia","status":"publish","type":"product","link":"https:\/\/www.beautixstore.com\/fr\/produit\/beautix-cuticle-oil-chill-freesia\/","title":{"rendered":"Beautix Cuticle Oil &#8211; Chill Freesia"},"content":{"rendered":"<p>Notre huile \u00e0 cuticules combine les bienfaits des huiles naturelles et les sens aromatiques de l&rsquo;extrait de Chill Freesia pour traiter vos cuticules et vos ongles.<\/p>\n<p>Notre huile \u00e0 cuticules avec Chill Freesia rajeunit les cellules des cuticules, les nourrit et stimule la croissance des ongles.<\/p>\n<p>L&rsquo;utilisation r\u00e9guli\u00e8re de cette huile \u00e0 cuticules rendra vos ongles \u00e9l\u00e9gants et leur donnera un effet souple et doux ! Vous n&rsquo;aurez plus jamais \u00e0 faire face \u00e0 des cuticules d\u00e9doubl\u00e9es et floconneuses une fois que vous aurez appliqu\u00e9 notre produit sur vos ongles.<\/p>\n<p>Il est facile \u00e0 utiliser et totalement s\u00fbr pour votre peau.<\/p>\n<p>Notre produit est id\u00e9al pour tous les types de peau et contient un m\u00e9lange d&rsquo;huiles botaniques pures. Cette huile pour cuticules laissera un effet instantan\u00e9 qui rendra vos ongles beaucoup plus beaux qu&rsquo;avant.<\/p>\n","protected":false},"excerpt":{"rendered":"<p>Notre huile \u00e0 cuticules combine les bienfaits des huiles naturelles et les sens aromatiques de l&rsquo;extrait de Chill Freesia pour traiter vos cuticules et vos ongles. Notre huile \u00e0 cuticules avec Chill Freesia rajeunit les cellules des cuticules, les nourrit et stimule la croissance des ongles. L&rsquo;utilisation r\u00e9guli\u00e8re de cette huile \u00e0 cuticules rendra vos [&hellip;]<\/p>\n","protected":false},"featured_media":3188,"template":"","meta":[],"product_brand":[],"product_cat":[72],"product_tag":[],"class_list":{"0":"post-3998","1":"product","2":"type-product","3":"status-publish","4":"has-post-thumbnail","6":"product_cat-huile","8":"first","9":"instock","10":"shipping-taxable","11":"purchasable","12":"product-type-simple"},"_links":{"self":[{"href":"https:\/\/www.beautixstore.com\/fr\/wp-json\/wp\/v2\/product\/3998","targetHints":{"allow":["GET"]}}],"collection":[{"href":"https:\/\/www.beautixstore.com\/fr\/wp-json\/wp\/v2\/product"}],"about":[{"href":"https:\/\/www.beautixstore.com\/fr\/wp-json\/wp\/v2\/types\/product"}],"wp:featuredmedia":[{"embeddable":true,"href":"https:\/\/www.beautixstore.com\/fr\/wp-json\/wp\/v2\/media\/3188"}],"wp:attachment":[{"href":"https:\/\/www.beautixstore.com\/fr\/wp-json\/wp\/v2\/media?parent=3998"}],"wp:term":[{"taxonomy":"product_brand","embeddable":true,"href":"https:\/\/www.beautixstore.com\/fr\/wp-json\/wp\/v2\/product_brand?post=3998"},{"taxonomy":"product_cat","embeddable":true,"href":"https:\/\/www.beautixstore.com\/fr\/wp-json\/wp\/v2\/product_cat?post=3998"},{"taxonomy":"product_tag","embeddable":true,"href":"https:\/\/www.beautixstore.com\/fr\/wp-json\/wp\/v2\/product_tag?post=3998"}],"curies":[{"name":"wp","href":"https:\/\/api.w.org\/{rel}","templated":true}]}}