{"id":3997,"date":"2020-10-08T20:53:42","date_gmt":"2020-10-08T18:53:42","guid":{"rendered":"https:\/\/www.beautixstore.com\/product\/beautix-cuticle-oil-mellow-peach\/"},"modified":"2020-10-08T20:53:42","modified_gmt":"2020-10-08T18:53:42","slug":"beautix-cuticle-oil-mellow-peach","status":"publish","type":"product","link":"https:\/\/www.beautixstore.com\/fr\/produit\/beautix-cuticle-oil-mellow-peach\/","title":{"rendered":"Beautix Cuticle Oil &#8211; Mellow Peach"},"content":{"rendered":"<p>C&rsquo;est le m\u00e9lange le plus hydratant d&rsquo;huiles botaniques pour garder vos ongles et cuticules dans leur meilleure forme.<\/p>\n<p>Son d\u00e9licieux parfum de p\u00eache et sa formule am\u00e9lior\u00e9e vous feront tomber amoureux d&rsquo;elle !<br \/>\nGardez vos ongles lisses et brillants avec notre huile \u00e0 cuticules au parfum de p\u00eache.<\/p>\n<p>Cette huile \u00e0 cuticules Beautix comprend une riche combinaison d&rsquo;huiles naturelles qui stimulent les cellules des cuticules. C&rsquo;est un produit facile \u00e0 utiliser qui p\u00e9n\u00e8tre plus profond\u00e9ment dans la zone de vos ongles et cuticules. Notre huile \u00e0 cuticules offre un m\u00e9lange parfait qui nourrit les cuticules s\u00e8ches et fissur\u00e9es tout en renfor\u00e7ant la croissance de vos ongles !<\/p>\n","protected":false},"excerpt":{"rendered":"<p>C&rsquo;est le m\u00e9lange le plus hydratant d&rsquo;huiles botaniques pour garder vos ongles et cuticules dans leur meilleure forme. Son d\u00e9licieux parfum de p\u00eache et sa formule am\u00e9lior\u00e9e vous feront tomber amoureux d&rsquo;elle ! Gardez vos ongles lisses et brillants avec notre huile \u00e0 cuticules au parfum de p\u00eache. Cette huile \u00e0 cuticules Beautix comprend une [&hellip;]<\/p>\n","protected":false},"featured_media":3190,"template":"","meta":[],"product_brand":[],"product_cat":[72],"product_tag":[],"class_list":{"0":"post-3997","1":"product","2":"type-product","3":"status-publish","4":"has-post-thumbnail","6":"product_cat-huile","8":"first","9":"instock","10":"shipping-taxable","11":"purchasable","12":"product-type-simple"},"_links":{"self":[{"href":"https:\/\/www.beautixstore.com\/fr\/wp-json\/wp\/v2\/product\/3997","targetHints":{"allow":["GET"]}}],"collection":[{"href":"https:\/\/www.beautixstore.com\/fr\/wp-json\/wp\/v2\/product"}],"about":[{"href":"https:\/\/www.beautixstore.com\/fr\/wp-json\/wp\/v2\/types\/product"}],"wp:featuredmedia":[{"embeddable":true,"href":"https:\/\/www.beautixstore.com\/fr\/wp-json\/wp\/v2\/media\/3190"}],"wp:attachment":[{"href":"https:\/\/www.beautixstore.com\/fr\/wp-json\/wp\/v2\/media?parent=3997"}],"wp:term":[{"taxonomy":"product_brand","embeddable":true,"href":"https:\/\/www.beautixstore.com\/fr\/wp-json\/wp\/v2\/product_brand?post=3997"},{"taxonomy":"product_cat","embeddable":true,"href":"https:\/\/www.beautixstore.com\/fr\/wp-json\/wp\/v2\/product_cat?post=3997"},{"taxonomy":"product_tag","embeddable":true,"href":"https:\/\/www.beautixstore.com\/fr\/wp-json\/wp\/v2\/product_tag?post=3997"}],"curies":[{"name":"wp","href":"https:\/\/api.w.org\/{rel}","templated":true}]}}