{"id":3996,"date":"2020-12-03T14:52:55","date_gmt":"2020-12-03T13:52:55","guid":{"rendered":"https:\/\/www.beautixstore.com\/product\/perfumed-body-lotion-beautix-a-fleur-de-peau\/"},"modified":"2020-12-03T14:52:55","modified_gmt":"2020-12-03T13:52:55","slug":"perfumed-body-lotion-beautix-a-fleur-de-peau","status":"publish","type":"product","link":"https:\/\/www.beautixstore.com\/fr\/produit\/perfumed-body-lotion-beautix-a-fleur-de-peau\/","title":{"rendered":"Perfumed Body Lotion Beautix &#8211; \u00c0 Fleur De Peau"},"content":{"rendered":"<p>Lait corporel parfum\u00e9 Beautix &#8211; \u00c0 Fleur De Peau<\/p>\n","protected":false},"excerpt":{"rendered":"<p>Lait corporel parfum\u00e9 Beautix &#8211; \u00c0 Fleur De Peau<\/p>\n","protected":false},"featured_media":3192,"template":"","meta":[],"product_brand":[],"product_cat":[68],"product_tag":[],"class_list":{"0":"post-3996","1":"product","2":"type-product","3":"status-publish","4":"has-post-thumbnail","6":"product_cat-soins","8":"first","9":"instock","10":"shipping-taxable","11":"purchasable","12":"product-type-simple"},"_links":{"self":[{"href":"https:\/\/www.beautixstore.com\/fr\/wp-json\/wp\/v2\/product\/3996","targetHints":{"allow":["GET"]}}],"collection":[{"href":"https:\/\/www.beautixstore.com\/fr\/wp-json\/wp\/v2\/product"}],"about":[{"href":"https:\/\/www.beautixstore.com\/fr\/wp-json\/wp\/v2\/types\/product"}],"wp:featuredmedia":[{"embeddable":true,"href":"https:\/\/www.beautixstore.com\/fr\/wp-json\/wp\/v2\/media\/3192"}],"wp:attachment":[{"href":"https:\/\/www.beautixstore.com\/fr\/wp-json\/wp\/v2\/media?parent=3996"}],"wp:term":[{"taxonomy":"product_brand","embeddable":true,"href":"https:\/\/www.beautixstore.com\/fr\/wp-json\/wp\/v2\/product_brand?post=3996"},{"taxonomy":"product_cat","embeddable":true,"href":"https:\/\/www.beautixstore.com\/fr\/wp-json\/wp\/v2\/product_cat?post=3996"},{"taxonomy":"product_tag","embeddable":true,"href":"https:\/\/www.beautixstore.com\/fr\/wp-json\/wp\/v2\/product_tag?post=3996"}],"curies":[{"name":"wp","href":"https:\/\/api.w.org\/{rel}","templated":true}]}}