{"id":3995,"date":"2020-12-03T14:55:59","date_gmt":"2020-12-03T13:55:59","guid":{"rendered":"https:\/\/www.beautixstore.com\/product\/perfumed-hand-cream-beautix-a-fleur-de-peau\/"},"modified":"2020-12-03T14:55:59","modified_gmt":"2020-12-03T13:55:59","slug":"perfumed-hand-cream-beautix-a-fleur-de-peau","status":"publish","type":"product","link":"https:\/\/www.beautixstore.com\/fr\/produit\/perfumed-hand-cream-beautix-a-fleur-de-peau\/","title":{"rendered":"Perfumed Hand Cream Beautix \u2013 \u00c0 Fleur De Peau"},"content":{"rendered":"<p>Cr\u00e8me pour les mains parfum\u00e9e Beautix &#8211; \u00c0 Fleur De Peau<\/p>\n","protected":false},"excerpt":{"rendered":"<p>Cr\u00e8me pour les mains parfum\u00e9e Beautix &#8211; \u00c0 Fleur De Peau<\/p>\n","protected":false},"featured_media":3198,"template":"","meta":[],"product_brand":[],"product_cat":[68],"product_tag":[],"class_list":{"0":"post-3995","1":"product","2":"type-product","3":"status-publish","4":"has-post-thumbnail","6":"product_cat-soins","8":"first","9":"instock","10":"shipping-taxable","11":"purchasable","12":"product-type-simple"},"_links":{"self":[{"href":"https:\/\/www.beautixstore.com\/fr\/wp-json\/wp\/v2\/product\/3995","targetHints":{"allow":["GET"]}}],"collection":[{"href":"https:\/\/www.beautixstore.com\/fr\/wp-json\/wp\/v2\/product"}],"about":[{"href":"https:\/\/www.beautixstore.com\/fr\/wp-json\/wp\/v2\/types\/product"}],"wp:featuredmedia":[{"embeddable":true,"href":"https:\/\/www.beautixstore.com\/fr\/wp-json\/wp\/v2\/media\/3198"}],"wp:attachment":[{"href":"https:\/\/www.beautixstore.com\/fr\/wp-json\/wp\/v2\/media?parent=3995"}],"wp:term":[{"taxonomy":"product_brand","embeddable":true,"href":"https:\/\/www.beautixstore.com\/fr\/wp-json\/wp\/v2\/product_brand?post=3995"},{"taxonomy":"product_cat","embeddable":true,"href":"https:\/\/www.beautixstore.com\/fr\/wp-json\/wp\/v2\/product_cat?post=3995"},{"taxonomy":"product_tag","embeddable":true,"href":"https:\/\/www.beautixstore.com\/fr\/wp-json\/wp\/v2\/product_tag?post=3995"}],"curies":[{"name":"wp","href":"https:\/\/api.w.org\/{rel}","templated":true}]}}