{"id":3994,"date":"2020-12-03T14:57:43","date_gmt":"2020-12-03T13:57:43","guid":{"rendered":"https:\/\/www.beautixstore.com\/product\/perfumed-shower-cream-beautix-a-fleur-de-peau\/"},"modified":"2020-12-03T14:57:43","modified_gmt":"2020-12-03T13:57:43","slug":"perfumed-shower-cream-beautix-a-fleur-de-peau","status":"publish","type":"product","link":"https:\/\/www.beautixstore.com\/fr\/produit\/perfumed-shower-cream-beautix-a-fleur-de-peau\/","title":{"rendered":"Perfumed Shower Cream Beautix \u2013 \u00c0 Fleur De Peau"},"content":{"rendered":"<p>Cr\u00e8me de Douche Parfum\u00e9e Beautix &#8211; \u00c0 Fleur De Peau<\/p>\n","protected":false},"excerpt":{"rendered":"<p>Cr\u00e8me de Douche Parfum\u00e9e Beautix &#8211; \u00c0 Fleur De Peau<\/p>\n","protected":false},"featured_media":3204,"template":"","meta":[],"product_brand":[],"product_cat":[68],"product_tag":[],"class_list":{"0":"post-3994","1":"product","2":"type-product","3":"status-publish","4":"has-post-thumbnail","6":"product_cat-soins","8":"first","9":"instock","10":"shipping-taxable","11":"purchasable","12":"product-type-simple"},"_links":{"self":[{"href":"https:\/\/www.beautixstore.com\/fr\/wp-json\/wp\/v2\/product\/3994","targetHints":{"allow":["GET"]}}],"collection":[{"href":"https:\/\/www.beautixstore.com\/fr\/wp-json\/wp\/v2\/product"}],"about":[{"href":"https:\/\/www.beautixstore.com\/fr\/wp-json\/wp\/v2\/types\/product"}],"wp:featuredmedia":[{"embeddable":true,"href":"https:\/\/www.beautixstore.com\/fr\/wp-json\/wp\/v2\/media\/3204"}],"wp:attachment":[{"href":"https:\/\/www.beautixstore.com\/fr\/wp-json\/wp\/v2\/media?parent=3994"}],"wp:term":[{"taxonomy":"product_brand","embeddable":true,"href":"https:\/\/www.beautixstore.com\/fr\/wp-json\/wp\/v2\/product_brand?post=3994"},{"taxonomy":"product_cat","embeddable":true,"href":"https:\/\/www.beautixstore.com\/fr\/wp-json\/wp\/v2\/product_cat?post=3994"},{"taxonomy":"product_tag","embeddable":true,"href":"https:\/\/www.beautixstore.com\/fr\/wp-json\/wp\/v2\/product_tag?post=3994"}],"curies":[{"name":"wp","href":"https:\/\/api.w.org\/{rel}","templated":true}]}}