{"id":3990,"date":"2020-12-13T17:51:04","date_gmt":"2020-12-13T16:51:04","guid":{"rendered":"https:\/\/www.beautixstore.com\/product\/bb-body-gloss-lotion-250ml\/"},"modified":"2022-10-24T15:44:58","modified_gmt":"2022-10-24T13:44:58","slug":"bb-body-gloss-lotion-250ml","status":"publish","type":"product","link":"https:\/\/www.beautixstore.com\/fr\/produit\/bb-body-gloss-lotion-250ml\/","title":{"rendered":"BB Body Gloss Lotion &#8211; 250ml"},"content":{"rendered":"<p>Une hydratation qui p\u00e9n\u00e8tre plus profond\u00e9ment dans la peau<\/p>\n<p>Le lait brillant pour le corps BB \u00e0 l&rsquo;huile de noyaux de p\u00eache procure une hydratation longue dur\u00e9e tout en unifiant le teint. Obtenez une peau d&rsquo;apparence plus jeune et plus souple gr\u00e2ce \u00e0 cette lotion corporelle parfaite pour la peau. Rajeunissez votre peau avec notre adorable BB Body Gloss.<\/p>\n<p>Ce qu&rsquo;elle fait pour votre peau<\/p>\n<p>Infus\u00e9 d&rsquo;huile de noyau de p\u00eache, notre BB Body Gloss donne \u00e0 votre peau un \u00e9clat de ros\u00e9e. L&rsquo;huile de noyau de p\u00eache est r\u00e9put\u00e9e pour ses bienfaits sur la peau et pour ses propri\u00e9t\u00e9s hydratantes. Sa l\u00e9g\u00e8ret\u00e9 lui permet de p\u00e9n\u00e9trer en profondeur dans les cellules de la peau, ce qui assure une hydratation durable.<\/p>\n<p>Elle lutte \u00e9galement contre le vieillissement, en vous permettant de conserver votre fermet\u00e9. Autrement dit, plus de rides ! Toute hyperpigmentation ou rougeur que vous avez sera \u00e9galement liss\u00e9e, et vous vous retrouverez \u00e0 regarder une peau de p\u00eache parfaite dans le miroir. Pas besoin d&rsquo;attendre des mois, vous remarquerez un changement d\u00e8s la premi\u00e8re utilisation !<\/p>\n<p>Mode d&#8217;emploi<\/p>\n<p>Pour un r\u00e9sultat optimal, appliquez quotidiennement sur votre peau. La formule non grasse se fond dans la peau en un instant, vous n&rsquo;avez donc pas besoin d&rsquo;attendre des heures pour qu&rsquo;elle s\u00e8che. Faites-la p\u00e9n\u00e9trer en massant, et le tour est jou\u00e9 !<\/p>\n<p>&#8211; Riche en hydratation<br \/>\n&#8211; Pr\u00e9serve la jeunesse de la peau<br \/>\n&#8211; Obtenez un teint uniforme<br \/>\n&#8211; Obtenez une peau de p\u00eache<\/p>\n","protected":false},"excerpt":{"rendered":"<p>Une hydratation qui p\u00e9n\u00e8tre plus profond\u00e9ment dans la peau Le lait brillant pour le corps BB \u00e0 l&rsquo;huile de noyaux de p\u00eache procure une hydratation longue dur\u00e9e tout en unifiant le teint. Obtenez une peau d&rsquo;apparence plus jeune et plus souple gr\u00e2ce \u00e0 cette lotion corporelle parfaite pour la peau. Rajeunissez votre peau avec notre [&hellip;]<\/p>\n","protected":false},"featured_media":3216,"template":"","meta":[],"product_brand":[],"product_cat":[68],"product_tag":[],"class_list":{"0":"post-3990","1":"product","2":"type-product","3":"status-publish","4":"has-post-thumbnail","6":"product_cat-soins","8":"first","9":"instock","10":"shipping-taxable","11":"purchasable","12":"product-type-simple"},"_links":{"self":[{"href":"https:\/\/www.beautixstore.com\/fr\/wp-json\/wp\/v2\/product\/3990","targetHints":{"allow":["GET"]}}],"collection":[{"href":"https:\/\/www.beautixstore.com\/fr\/wp-json\/wp\/v2\/product"}],"about":[{"href":"https:\/\/www.beautixstore.com\/fr\/wp-json\/wp\/v2\/types\/product"}],"wp:featuredmedia":[{"embeddable":true,"href":"https:\/\/www.beautixstore.com\/fr\/wp-json\/wp\/v2\/media\/3216"}],"wp:attachment":[{"href":"https:\/\/www.beautixstore.com\/fr\/wp-json\/wp\/v2\/media?parent=3990"}],"wp:term":[{"taxonomy":"product_brand","embeddable":true,"href":"https:\/\/www.beautixstore.com\/fr\/wp-json\/wp\/v2\/product_brand?post=3990"},{"taxonomy":"product_cat","embeddable":true,"href":"https:\/\/www.beautixstore.com\/fr\/wp-json\/wp\/v2\/product_cat?post=3990"},{"taxonomy":"product_tag","embeddable":true,"href":"https:\/\/www.beautixstore.com\/fr\/wp-json\/wp\/v2\/product_tag?post=3990"}],"curies":[{"name":"wp","href":"https:\/\/api.w.org\/{rel}","templated":true}]}}