{"id":3986,"date":"2021-01-12T20:39:28","date_gmt":"2021-01-12T19:39:28","guid":{"rendered":"https:\/\/www.beautixstore.com\/product\/hand-cream-omega-369-mango-50ml\/"},"modified":"2021-01-12T20:39:28","modified_gmt":"2021-01-12T19:39:28","slug":"hand-cream-omega-369-mango-50ml","status":"publish","type":"product","link":"https:\/\/www.beautixstore.com\/fr\/produit\/hand-cream-omega-369-mango-50ml\/","title":{"rendered":"Hand Cream &#8211; Omega 3:6:9 &#8211; Mango 50ml"},"content":{"rendered":"<p>Cr\u00e8me pour les mains \u00e0 la mangue Omega 3:6:9<\/p>\n<p>Favorisez une peau lisse, saine et radieuse chaque fois que vous appliquez notre cr\u00e8me pour les mains \u00e0 la mangue Omega 3:6:9 !<\/p>\n<p>Cette cr\u00e8me douce pour la peau contient de riches acides gras om\u00e9ga qui revitalisent la peau en lui apportant tous les ingr\u00e9dients essentiels n\u00e9cessaires \u00e0 une douceur quotidienne.<\/p>\n<p>Vos mains seront hydrat\u00e9es jusqu&rsquo;\u00e0 24 heures et d\u00e9gageront un agr\u00e9able parfum de mangue cr\u00e9meuse qui vous poussera \u00e0 chercher le fruit le plus proche !<\/p>\n<p>Notre cr\u00e8me pour les mains \u00e0 la mangue est parfaite pour ceux qui souffrent d&rsquo;une s\u00e9cheresse intense, de la fragilit\u00e9 et de la desquamation de la peau. Les graisses et les huiles de qualit\u00e9 contenues dans notre cr\u00e8me sont s\u00fbres de garder vos mains douces tout au long de la journ\u00e9e !<\/p>\n<p>Caract\u00e9ristiques<br \/>\n\u25cf Compos\u00e9e d&rsquo;acides gras riches de premi\u00e8re qualit\u00e9.<br \/>\n\u25cf Senteur parfum\u00e9e de mangue cr\u00e9meuse.<br \/>\n\u25cf Une excellente solution pour ceux qui souffrent d&rsquo;une peau intens\u00e9ment s\u00e8che.<br \/>\n\u25cf Laisse votre peau enti\u00e8rement hydrat\u00e9e jusqu&rsquo;\u00e0 24 heures.<\/p>\n","protected":false},"excerpt":{"rendered":"<p>Cr\u00e8me pour les mains \u00e0 la mangue Omega 3:6:9 Favorisez une peau lisse, saine et radieuse chaque fois que vous appliquez notre cr\u00e8me pour les mains \u00e0 la mangue Omega 3:6:9 ! Cette cr\u00e8me douce pour la peau contient de riches acides gras om\u00e9ga qui revitalisent la peau en lui apportant tous les ingr\u00e9dients essentiels [&hellip;]<\/p>\n","protected":false},"featured_media":3220,"template":"","meta":[],"product_brand":[],"product_cat":[68],"product_tag":[],"class_list":{"0":"post-3986","1":"product","2":"type-product","3":"status-publish","4":"has-post-thumbnail","6":"product_cat-soins","8":"first","9":"instock","10":"shipping-taxable","11":"purchasable","12":"product-type-simple"},"_links":{"self":[{"href":"https:\/\/www.beautixstore.com\/fr\/wp-json\/wp\/v2\/product\/3986","targetHints":{"allow":["GET"]}}],"collection":[{"href":"https:\/\/www.beautixstore.com\/fr\/wp-json\/wp\/v2\/product"}],"about":[{"href":"https:\/\/www.beautixstore.com\/fr\/wp-json\/wp\/v2\/types\/product"}],"wp:featuredmedia":[{"embeddable":true,"href":"https:\/\/www.beautixstore.com\/fr\/wp-json\/wp\/v2\/media\/3220"}],"wp:attachment":[{"href":"https:\/\/www.beautixstore.com\/fr\/wp-json\/wp\/v2\/media?parent=3986"}],"wp:term":[{"taxonomy":"product_brand","embeddable":true,"href":"https:\/\/www.beautixstore.com\/fr\/wp-json\/wp\/v2\/product_brand?post=3986"},{"taxonomy":"product_cat","embeddable":true,"href":"https:\/\/www.beautixstore.com\/fr\/wp-json\/wp\/v2\/product_cat?post=3986"},{"taxonomy":"product_tag","embeddable":true,"href":"https:\/\/www.beautixstore.com\/fr\/wp-json\/wp\/v2\/product_tag?post=3986"}],"curies":[{"name":"wp","href":"https:\/\/api.w.org\/{rel}","templated":true}]}}