{"id":3985,"date":"2021-01-12T20:42:51","date_gmt":"2021-01-12T19:42:51","guid":{"rendered":"https:\/\/www.beautixstore.com\/product\/hand-cream-omega-369-lemon-50ml\/"},"modified":"2021-01-12T20:42:51","modified_gmt":"2021-01-12T19:42:51","slug":"hand-cream-omega-369-lemon-50ml","status":"publish","type":"product","link":"https:\/\/www.beautixstore.com\/fr\/produit\/hand-cream-omega-369-lemon-50ml\/","title":{"rendered":"Hand Cream &#8211; Omega 3:6:9 &#8211; Lemon 50ml"},"content":{"rendered":"<p>Cr\u00e8me pour les mains Lemon Omega 3:6:9<\/p>\n<p>Gardez votre peau hydrat\u00e9e et saine toute la journ\u00e9e gr\u00e2ce \u00e0 notre cr\u00e8me pour les mains au citron Omega 3:6:9 !<\/p>\n<p>Les acides gras om\u00e9ga sont essentiels pour maintenir une peau saine et hydrat\u00e9e tout au long de la journ\u00e9e. Nous avons donc infus\u00e9 un m\u00e9lange de premi\u00e8re qualit\u00e9 d&rsquo;om\u00e9ga 3:6:9 dans notre cr\u00e8me pour les mains au citron afin que votre peau reste radieuse jusqu&rsquo;\u00e0 24 heures d&rsquo;affil\u00e9e.<\/p>\n<p>Que vous souffriez d&rsquo;une peau s\u00e8che, squameuse ou sensible, cette cr\u00e8me pour les mains rendra votre peau heureuse et saine, sans que des crevasses n&rsquo;apparaissent \u00e0 nouveau !<\/p>\n<p>Caract\u00e9ristiques<br \/>\n\u25cf Fabriqu\u00e9e avec des acides gras riches de premi\u00e8re qualit\u00e9.<br \/>\n\u25cf Senteur parfum\u00e9e de citron zest\u00e9.<br \/>\n\u25cf Une excellente solution pour ceux qui souffrent d&rsquo;une peau intens\u00e9ment s\u00e8che.<br \/>\n\u25cf Laisse votre peau enti\u00e8rement hydrat\u00e9e jusqu&rsquo;\u00e0 24 heures.<\/p>\n<p>Nourrissez votre peau avec notre cr\u00e8me pour les mains premium Lemon Omega 3:6:9.<\/p>\n","protected":false},"excerpt":{"rendered":"<p>Cr\u00e8me pour les mains Lemon Omega 3:6:9 Gardez votre peau hydrat\u00e9e et saine toute la journ\u00e9e gr\u00e2ce \u00e0 notre cr\u00e8me pour les mains au citron Omega 3:6:9 ! Les acides gras om\u00e9ga sont essentiels pour maintenir une peau saine et hydrat\u00e9e tout au long de la journ\u00e9e. Nous avons donc infus\u00e9 un m\u00e9lange de premi\u00e8re [&hellip;]<\/p>\n","protected":false},"featured_media":3222,"template":"","meta":[],"product_brand":[],"product_cat":[68],"product_tag":[],"class_list":{"0":"post-3985","1":"product","2":"type-product","3":"status-publish","4":"has-post-thumbnail","6":"product_cat-soins","8":"first","9":"instock","10":"shipping-taxable","11":"purchasable","12":"product-type-simple"},"_links":{"self":[{"href":"https:\/\/www.beautixstore.com\/fr\/wp-json\/wp\/v2\/product\/3985","targetHints":{"allow":["GET"]}}],"collection":[{"href":"https:\/\/www.beautixstore.com\/fr\/wp-json\/wp\/v2\/product"}],"about":[{"href":"https:\/\/www.beautixstore.com\/fr\/wp-json\/wp\/v2\/types\/product"}],"wp:featuredmedia":[{"embeddable":true,"href":"https:\/\/www.beautixstore.com\/fr\/wp-json\/wp\/v2\/media\/3222"}],"wp:attachment":[{"href":"https:\/\/www.beautixstore.com\/fr\/wp-json\/wp\/v2\/media?parent=3985"}],"wp:term":[{"taxonomy":"product_brand","embeddable":true,"href":"https:\/\/www.beautixstore.com\/fr\/wp-json\/wp\/v2\/product_brand?post=3985"},{"taxonomy":"product_cat","embeddable":true,"href":"https:\/\/www.beautixstore.com\/fr\/wp-json\/wp\/v2\/product_cat?post=3985"},{"taxonomy":"product_tag","embeddable":true,"href":"https:\/\/www.beautixstore.com\/fr\/wp-json\/wp\/v2\/product_tag?post=3985"}],"curies":[{"name":"wp","href":"https:\/\/api.w.org\/{rel}","templated":true}]}}