{"id":3982,"date":"2021-01-12T20:48:06","date_gmt":"2021-01-12T19:48:06","guid":{"rendered":"https:\/\/www.beautixstore.com\/product\/mango-passionfruit-hand-and-body-lotion-50-ml\/"},"modified":"2021-01-12T20:48:06","modified_gmt":"2021-01-12T19:48:06","slug":"mango-passionfruit-hand-and-body-lotion-50-ml","status":"publish","type":"product","link":"https:\/\/www.beautixstore.com\/fr\/produit\/mango-passionfruit-hand-and-body-lotion-50-ml\/","title":{"rendered":"Mango &#038; Passionfruit Hand and Body Lotion 50 ml"},"content":{"rendered":"<p>Beautix Mango &amp; Passionfruit Hand and Body Lotion 50 ml<\/p>\n<p>Enrichie en ingr\u00e9dients naturels, notre lotion naturelle pour le corps et les mains vous offre une peau soyeuse, douce et bien nourrie. Elle ne se contente pas d&rsquo;adoucir votre peau, elle vous laisse en plus un parfum subtil et s\u00e9duisant de mangue. Une formule non grasse ou collante qui offre une texture lisse et cr\u00e9meuse. Notre lotion naturelle pour le corps et les mains est donc le moyen id\u00e9al d&rsquo;hydrater votre corps et vos mains tout au long de la journ\u00e9e.<\/p>\n<p>Avec cette lotion naturelle pour le corps et les mains, vous b\u00e9n\u00e9ficiez d&rsquo;une formule cr\u00e9meuse \u00e0 absorption rapide. Elle est ensuite absorb\u00e9e rapidement, ce qui vous \u00e9vite d&rsquo;avoir la peau collante. Assurez-vous que votre corps re\u00e7oit les vitamines, les huiles et les prot\u00e9ines dont il a besoin pour se d\u00e9velopper. Avec une utilisation r\u00e9guli\u00e8re, vous pourrez profiter d&rsquo;une peau bien nourrie, douce et \u00e9clatante.<\/p>\n<p>Principaux ingr\u00e9dients :<br \/>\n&#8211; Huile de graines de mangue<br \/>\n&#8211; Huile de fruit de la passion<br \/>\n&#8211; Beurre de karit\u00e9<br \/>\n&#8211; Huile d&rsquo;avocat<br \/>\n&#8211; Vitamine A<br \/>\n&#8211; Vitamine E<br \/>\n&#8211; Prot\u00e9ines de bl\u00e9<\/p>\n","protected":false},"excerpt":{"rendered":"<p>Beautix Mango &amp; Passionfruit Hand and Body Lotion 50 ml Enrichie en ingr\u00e9dients naturels, notre lotion naturelle pour le corps et les mains vous offre une peau soyeuse, douce et bien nourrie. Elle ne se contente pas d&rsquo;adoucir votre peau, elle vous laisse en plus un parfum subtil et s\u00e9duisant de mangue. Une formule non [&hellip;]<\/p>\n","protected":false},"featured_media":3226,"template":"","meta":[],"product_brand":[],"product_cat":[68],"product_tag":[],"class_list":{"0":"post-3982","1":"product","2":"type-product","3":"status-publish","4":"has-post-thumbnail","6":"product_cat-soins","8":"first","9":"instock","10":"shipping-taxable","11":"purchasable","12":"product-type-simple"},"_links":{"self":[{"href":"https:\/\/www.beautixstore.com\/fr\/wp-json\/wp\/v2\/product\/3982","targetHints":{"allow":["GET"]}}],"collection":[{"href":"https:\/\/www.beautixstore.com\/fr\/wp-json\/wp\/v2\/product"}],"about":[{"href":"https:\/\/www.beautixstore.com\/fr\/wp-json\/wp\/v2\/types\/product"}],"wp:featuredmedia":[{"embeddable":true,"href":"https:\/\/www.beautixstore.com\/fr\/wp-json\/wp\/v2\/media\/3226"}],"wp:attachment":[{"href":"https:\/\/www.beautixstore.com\/fr\/wp-json\/wp\/v2\/media?parent=3982"}],"wp:term":[{"taxonomy":"product_brand","embeddable":true,"href":"https:\/\/www.beautixstore.com\/fr\/wp-json\/wp\/v2\/product_brand?post=3982"},{"taxonomy":"product_cat","embeddable":true,"href":"https:\/\/www.beautixstore.com\/fr\/wp-json\/wp\/v2\/product_cat?post=3982"},{"taxonomy":"product_tag","embeddable":true,"href":"https:\/\/www.beautixstore.com\/fr\/wp-json\/wp\/v2\/product_tag?post=3982"}],"curies":[{"name":"wp","href":"https:\/\/api.w.org\/{rel}","templated":true}]}}