{"id":3286,"date":"2020-12-03T15:06:47","date_gmt":"2020-12-03T14:06:47","guid":{"rendered":"https:\/\/www.beautixstore.com\/product\/vernis-semi-permanent-beautix-915\/"},"modified":"2022-10-24T15:47:14","modified_gmt":"2022-10-24T13:47:14","slug":"vernis-semi-permanent-beautix-915","status":"publish","type":"product","link":"https:\/\/www.beautixstore.com\/fr\/produit\/vernis-semi-permanent-beautix-915\/","title":{"rendered":"Vernis semi-permanent Beautix 915"},"content":{"rendered":"<p>Le vernis \u00e0 ongles gel Beautix est facile \u00e0 appliquer et offre une couleur longue dur\u00e9e de plus de 21 jours.<\/p>\n<p>Son pinceau contour innovant permet d&rsquo;enduire uniform\u00e9ment chaque ongle pour une finition plus lisse, et son extr\u00e9mit\u00e9 arrondie suit la forme de l&rsquo;ongle pour une application facile.<\/p>\n<p>Le vernis gel Beautix est super pigment\u00e9, parfait pour le nail art.<\/p>\n<p>Consistance plus cr\u00e9meuse et flexible. Il n&rsquo;y a pas de dommages ou de rayures. Utilisez-le sur une plaque d&rsquo;ongle naturelle. <\/p>\n<p>Ce produit est exempt de formald\u00e9hyde, de r\u00e9sine de formald\u00e9hyde, de tolu\u00e8ne, de dbp (dibutyl phthlate), de camphre et de xyl\u00e8ne.<\/p>\n<p>Il n&rsquo;est pas test\u00e9 sur les animaux.<\/p>\n<p>Le Beautix durcit totalement \u00e0 la lumi\u00e8re UV et LED.<br \/>\n15 ml (0.5 fl oz)<\/p>\n<p>Fabriqu\u00e9 en France<\/p>\n","protected":false},"excerpt":{"rendered":"<p>Le vernis \u00e0 ongles gel Beautix est facile \u00e0 appliquer et offre une couleur longue dur\u00e9e de plus de 21 jours. Son pinceau contour innovant permet d&rsquo;enduire uniform\u00e9ment chaque ongle pour une finition plus lisse, et son extr\u00e9mit\u00e9 arrondie suit la forme de l&rsquo;ongle pour une application facile. Le vernis gel Beautix est super pigment\u00e9, [&hellip;]<\/p>\n","protected":false},"featured_media":3202,"template":"","meta":[],"product_brand":[],"product_cat":[59],"product_tag":[],"class_list":{"0":"post-3286","1":"product","2":"type-product","3":"status-publish","4":"has-post-thumbnail","6":"product_cat-vernis-semi-permanent","8":"first","9":"instock","10":"sale","11":"shipping-taxable","12":"purchasable","13":"product-type-simple"},"_links":{"self":[{"href":"https:\/\/www.beautixstore.com\/fr\/wp-json\/wp\/v2\/product\/3286","targetHints":{"allow":["GET"]}}],"collection":[{"href":"https:\/\/www.beautixstore.com\/fr\/wp-json\/wp\/v2\/product"}],"about":[{"href":"https:\/\/www.beautixstore.com\/fr\/wp-json\/wp\/v2\/types\/product"}],"wp:featuredmedia":[{"embeddable":true,"href":"https:\/\/www.beautixstore.com\/fr\/wp-json\/wp\/v2\/media\/3202"}],"wp:attachment":[{"href":"https:\/\/www.beautixstore.com\/fr\/wp-json\/wp\/v2\/media?parent=3286"}],"wp:term":[{"taxonomy":"product_brand","embeddable":true,"href":"https:\/\/www.beautixstore.com\/fr\/wp-json\/wp\/v2\/product_brand?post=3286"},{"taxonomy":"product_cat","embeddable":true,"href":"https:\/\/www.beautixstore.com\/fr\/wp-json\/wp\/v2\/product_cat?post=3286"},{"taxonomy":"product_tag","embeddable":true,"href":"https:\/\/www.beautixstore.com\/fr\/wp-json\/wp\/v2\/product_tag?post=3286"}],"curies":[{"name":"wp","href":"https:\/\/api.w.org\/{rel}","templated":true}]}}