{"id":3276,"date":"2021-04-02T15:27:58","date_gmt":"2021-04-02T13:27:58","guid":{"rendered":"https:\/\/www.beautixstore.com\/?page_id=3276"},"modified":"2021-04-02T15:28:03","modified_gmt":"2021-04-02T13:28:03","slug":"nos-modes-de-paiement","status":"publish","type":"page","link":"https:\/\/www.beautixstore.com\/fr\/nos-modes-de-paiement\/","title":{"rendered":"Nos modes de paiement"},"content":{"rendered":"\n<p><strong>M\u00e9thodes de paiement accept\u00e9es<\/strong><\/p>\n\n\n\n<p>Nous acceptons toutes les principales cartes de cr\u00e9dit (MasterCard, Visa, American Express et Discover).<\/p>\n\n\n\n<p><strong>Informations suppl\u00e9mentaires<\/strong><\/p>\n\n\n\n<p>Nous d\u00e9biterons votre compte de cr\u00e9dit pour le paiement \u00e0 la r\u00e9ception de votre commande, sauf si la livraison ne peut \u00eatre effectu\u00e9e dans les 30 jours. Nous n&rsquo;acceptons aucune responsabilit\u00e9 si une livraison est retard\u00e9e parce que vous ne nous avez pas fourni les d\u00e9tails de paiement corrects. S&rsquo;il n&rsquo;est pas possible d&rsquo;obtenir le paiement int\u00e9gral des marchandises sur votre compte, nous pouvons annuler la commande ou suspendre toute autre livraison. Ceci n&rsquo;affecte pas les autres droits que nous pouvons avoir.<\/p>\n\n\n\n<p>Nous nous r\u00e9servons le droit de refuser toute commande que vous nous confiez. Nous pouvons, \u00e0 notre seule discr\u00e9tion, limiter ou annuler les quantit\u00e9s achet\u00e9es par personne, par m\u00e9nage ou par commande. Ces restrictions peuvent inclure les commandes pass\u00e9es par ou sous le m\u00eame compte client, la m\u00eame carte de cr\u00e9dit, et\/ou les commandes utilisant la m\u00eame adresse de facturation et\/ou de livraison. Si nous modifions ou annulons une commande, nous pouvons tenter de vous en informer en contactant l&rsquo;adresse \u00e9lectronique et\/ou l&rsquo;adresse de facturation\/le num\u00e9ro de t\u00e9l\u00e9phone fournis au moment de la commande. Nous nous r\u00e9servons le droit de limiter ou d&rsquo;interdire les commandes qui, selon notre seul jugement, semblent \u00eatre pass\u00e9es par des concessionnaires, des revendeurs ou des distributeurs.<\/p>\n\n\n\n<p>Vous comprenez que votre contenu (\u00e0 l&rsquo;exclusion des informations relatives aux cartes de cr\u00e9dit) peut \u00eatre transf\u00e9r\u00e9 de mani\u00e8re non crypt\u00e9e et impliquer (a) des transmissions sur divers r\u00e9seaux ; et (b) des modifications pour se conformer et s&rsquo;adapter aux exigences techniques des r\u00e9seaux ou des dispositifs de connexion. Les informations relatives aux cartes de cr\u00e9dit sont toujours crypt\u00e9es pendant le transfert sur les r\u00e9seaux.<\/p>\n","protected":false},"excerpt":{"rendered":"<p>M\u00e9thodes de paiement accept\u00e9es Nous acceptons toutes les principales cartes de cr\u00e9dit (MasterCard, Visa, American Express et Discover). Informations suppl\u00e9mentaires Nous d\u00e9biterons votre compte de cr\u00e9dit pour le paiement \u00e0 la r\u00e9ception de votre commande, sauf si la livraison ne peut \u00eatre effectu\u00e9e dans les 30 jours. Nous n&rsquo;acceptons aucune responsabilit\u00e9 si une livraison est [&hellip;]<\/p>\n","protected":false},"author":1,"featured_media":0,"parent":0,"menu_order":0,"comment_status":"closed","ping_status":"closed","template":"","meta":{"footnotes":""},"class_list":["post-3276","page","type-page","status-publish","hentry"],"_links":{"self":[{"href":"https:\/\/www.beautixstore.com\/fr\/wp-json\/wp\/v2\/pages\/3276","targetHints":{"allow":["GET"]}}],"collection":[{"href":"https:\/\/www.beautixstore.com\/fr\/wp-json\/wp\/v2\/pages"}],"about":[{"href":"https:\/\/www.beautixstore.com\/fr\/wp-json\/wp\/v2\/types\/page"}],"author":[{"embeddable":true,"href":"https:\/\/www.beautixstore.com\/fr\/wp-json\/wp\/v2\/users\/1"}],"replies":[{"embeddable":true,"href":"https:\/\/www.beautixstore.com\/fr\/wp-json\/wp\/v2\/comments?post=3276"}],"version-history":[{"count":1,"href":"https:\/\/www.beautixstore.com\/fr\/wp-json\/wp\/v2\/pages\/3276\/revisions"}],"predecessor-version":[{"id":3277,"href":"https:\/\/www.beautixstore.com\/fr\/wp-json\/wp\/v2\/pages\/3276\/revisions\/3277"}],"wp:attachment":[{"href":"https:\/\/www.beautixstore.com\/fr\/wp-json\/wp\/v2\/media?parent=3276"}],"curies":[{"name":"wp","href":"https:\/\/api.w.org\/{rel}","templated":true}]}}