{"id":3264,"date":"2021-04-02T13:49:20","date_gmt":"2021-04-02T11:49:20","guid":{"rendered":"https:\/\/www.beautixstore.com\/?page_id=3264"},"modified":"2021-04-02T13:52:43","modified_gmt":"2021-04-02T11:52:43","slug":"contactez-nous","status":"publish","type":"page","link":"https:\/\/www.beautixstore.com\/fr\/contactez-nous\/","title":{"rendered":"Contactez-nous"},"content":{"rendered":"\n<p>Notre magasin Paris est actuellement ferm\u00e9 jusqu&rsquo;\u00e0 nouvel ordre<\/p>\n\n\n\n<p>Toutes les commandes r\u00e9alis\u00e9es sur notre site sont trait\u00e9es normalement<\/p>\n\n\n\n<ul class=\"wp-block-list\"><li>Le retour client est vital pour notre entreprise,N\u2019h\u00e9sitez pas \u00e0 nous faire un retour qu\u2019il soit bon ou mauvais.<\/li><li>Nous r\u00e9pondons \u00e0 toute demande client et nous avons impatience de prendre connaissance de votre avis.<\/li><\/ul>\n\n\n\n<p><strong>Notre magasin Paris est actuellement ferm\u00e9 jusqu&rsquo;\u00e0 nouvel ordre. Toutes les commandes r\u00e9alis\u00e9es sur notre site sont trait\u00e9es normalement<\/strong>.<\/p>\n\n\n<p>[ninja_forms id=1]<\/p>\n","protected":false},"excerpt":{"rendered":"<p>Notre magasin Paris est actuellement ferm\u00e9 jusqu&rsquo;\u00e0 nouvel ordre Toutes les commandes r\u00e9alis\u00e9es sur notre site sont trait\u00e9es normalement Le retour client est vital pour notre entreprise,N\u2019h\u00e9sitez pas \u00e0 nous faire un retour qu\u2019il soit bon ou mauvais. Nous r\u00e9pondons \u00e0 toute demande client et nous avons impatience de prendre connaissance de votre avis. Notre [&hellip;]<\/p>\n","protected":false},"author":1,"featured_media":0,"parent":0,"menu_order":0,"comment_status":"closed","ping_status":"closed","template":"","meta":{"footnotes":""},"class_list":["post-3264","page","type-page","status-publish","hentry"],"_links":{"self":[{"href":"https:\/\/www.beautixstore.com\/fr\/wp-json\/wp\/v2\/pages\/3264","targetHints":{"allow":["GET"]}}],"collection":[{"href":"https:\/\/www.beautixstore.com\/fr\/wp-json\/wp\/v2\/pages"}],"about":[{"href":"https:\/\/www.beautixstore.com\/fr\/wp-json\/wp\/v2\/types\/page"}],"author":[{"embeddable":true,"href":"https:\/\/www.beautixstore.com\/fr\/wp-json\/wp\/v2\/users\/1"}],"replies":[{"embeddable":true,"href":"https:\/\/www.beautixstore.com\/fr\/wp-json\/wp\/v2\/comments?post=3264"}],"version-history":[{"count":2,"href":"https:\/\/www.beautixstore.com\/fr\/wp-json\/wp\/v2\/pages\/3264\/revisions"}],"predecessor-version":[{"id":3268,"href":"https:\/\/www.beautixstore.com\/fr\/wp-json\/wp\/v2\/pages\/3264\/revisions\/3268"}],"wp:attachment":[{"href":"https:\/\/www.beautixstore.com\/fr\/wp-json\/wp\/v2\/media?parent=3264"}],"curies":[{"name":"wp","href":"https:\/\/api.w.org\/{rel}","templated":true}]}}