{"id":3262,"date":"2021-04-02T13:14:47","date_gmt":"2021-04-02T11:14:47","guid":{"rendered":"https:\/\/www.beautixstore.com\/?page_id=3262"},"modified":"2021-04-02T15:36:14","modified_gmt":"2021-04-02T13:36:14","slug":"nos-modes-de-livraison","status":"publish","type":"page","link":"https:\/\/www.beautixstore.com\/fr\/nos-modes-de-livraison\/","title":{"rendered":"Livraisons et retours"},"content":{"rendered":"\n<p>Tous les frais d&rsquo;exp\u00e9dition sont bas\u00e9s sur le poids et le lieu. Toutes les commandes seront exp\u00e9di\u00e9es par La Poste. Les livraisons europ\u00e9ennes en grande quantit\u00e9 seront trait\u00e9es par DPD et les livraisons internationales seront trait\u00e9es par UPS ou DHL.<\/p>\n\n\n\n<p>La livraison standard dans l&rsquo;Union europ\u00e9enne et l&rsquo;EEE prend environ 5 \u00e0 14 jours ouvrables.<\/p>\n\n\n\n<p>La livraison standard en Am\u00e9rique du Nord et en Australie prend environ 10 \u00e0 20 jours de ouvr\u00e9s.<\/p>\n\n\n\n<h2 class=\"has-text-align-center wp-block-heading\">Retours<\/h2>\n\n\n\n<p>Nous offrons une politique de retour sans probl\u00e8me de 30 jours. Si, pour quelque raison que ce soit, vous n&rsquo;\u00eates pas satisfait de votre achat, vous pouvez nous le retourner pour un remboursement complet ou un remplacement.<\/p>\n\n\n\n<p>Si vous avez re\u00e7u une marchandise d\u00e9fectueuse ou une commande incorrecte et que vous souhaitez l&rsquo;\u00e9changer, veuillez nous contacter \u00e0 l&rsquo;adresse sales@beautixstore.com. Nous serons heureux de vous aider et de vous envoyer un produit de remplacement imm\u00e9diatement. Veuillez noter que, pour des raisons d&rsquo;hygi\u00e8ne et de sant\u00e9, BeautixStore ne peut accepter le retour de produits scell\u00e9s ouverts ou d&rsquo;outils utilis\u00e9s, et que l&rsquo;article doit donc \u00eatre retourn\u00e9 dans son \u00e9tat d&rsquo;origine.<\/p>\n\n\n\n<p>Nous vous encourageons vivement \u00e0 inspecter tous les colis d\u00e8s leur r\u00e9ception. Si vous pensez que l&rsquo;article re\u00e7u est d\u00e9fectueux ou endommag\u00e9, veuillez contacter BeautixStore d\u00e8s que possible. BeautixStore se r\u00e9serve le droit de remplacer l&rsquo;article ou d&rsquo;offrir un cr\u00e9dit en magasin pour d&rsquo;autres produits. Tous les colis retourn\u00e9s re\u00e7us sans autorisation pr\u00e9alable seront refus\u00e9s et renvoy\u00e9s \u00e0 l&rsquo;exp\u00e9diteur.<\/p>\n\n\n\n<p>Vous serez responsable des frais de renvoi de la marchandise (nous vous recommandons d&rsquo;obtenir une preuve d&rsquo;envoi). Les frais de retour ne seront pas rembours\u00e9s.<\/p>\n","protected":false},"excerpt":{"rendered":"<p>Tous les frais d&rsquo;exp\u00e9dition sont bas\u00e9s sur le poids et le lieu. Toutes les commandes seront exp\u00e9di\u00e9es par La Poste. Les livraisons europ\u00e9ennes en grande quantit\u00e9 seront trait\u00e9es par DPD et les livraisons internationales seront trait\u00e9es par UPS ou DHL. La livraison standard dans l&rsquo;Union europ\u00e9enne et l&rsquo;EEE prend environ 5 \u00e0 14 jours ouvrables. [&hellip;]<\/p>\n","protected":false},"author":1,"featured_media":0,"parent":0,"menu_order":0,"comment_status":"closed","ping_status":"closed","template":"","meta":{"footnotes":""},"class_list":["post-3262","page","type-page","status-publish","hentry"],"_links":{"self":[{"href":"https:\/\/www.beautixstore.com\/fr\/wp-json\/wp\/v2\/pages\/3262","targetHints":{"allow":["GET"]}}],"collection":[{"href":"https:\/\/www.beautixstore.com\/fr\/wp-json\/wp\/v2\/pages"}],"about":[{"href":"https:\/\/www.beautixstore.com\/fr\/wp-json\/wp\/v2\/types\/page"}],"author":[{"embeddable":true,"href":"https:\/\/www.beautixstore.com\/fr\/wp-json\/wp\/v2\/users\/1"}],"replies":[{"embeddable":true,"href":"https:\/\/www.beautixstore.com\/fr\/wp-json\/wp\/v2\/comments?post=3262"}],"version-history":[{"count":3,"href":"https:\/\/www.beautixstore.com\/fr\/wp-json\/wp\/v2\/pages\/3262\/revisions"}],"predecessor-version":[{"id":3278,"href":"https:\/\/www.beautixstore.com\/fr\/wp-json\/wp\/v2\/pages\/3262\/revisions\/3278"}],"wp:attachment":[{"href":"https:\/\/www.beautixstore.com\/fr\/wp-json\/wp\/v2\/media?parent=3262"}],"curies":[{"name":"wp","href":"https:\/\/api.w.org\/{rel}","templated":true}]}}