{"id":3260,"date":"2021-04-02T13:11:03","date_gmt":"2021-04-02T11:11:03","guid":{"rendered":"https:\/\/www.beautixstore.com\/?page_id=3260"},"modified":"2021-04-02T13:11:07","modified_gmt":"2021-04-02T11:11:07","slug":"qui-sommes-nous","status":"publish","type":"page","link":"https:\/\/www.beautixstore.com\/fr\/qui-sommes-nous\/","title":{"rendered":"Qui sommes-nous"},"content":{"rendered":"\n<p>Brillant, audacieux et impossible \u00e0 ignorer &#8211; bienvenue dans le monde de Beautix, une marque \u00e9mergente de vernis \u00e0 ongles bas\u00e9e au c\u0153ur de la France. Capturez le romantisme intemporel de Paris dans notre gamme luxuriante de vernis \u00e0 ongles en gel. <\/p>\n\n\n\n<p>Nous nous sommes form\u00e9s en constatant qu&rsquo;il y avait un manque de vernis en gel europ\u00e9ens de haute qualit\u00e9 pour les ongles. Ces produits \u00e9taient assez simples, mais nous voulions faire mieux. <\/p>\n\n\n\n<p>Nous avons cr\u00e9\u00e9 une gamme \u00e9blouissante de vernis \u00e0 ongles qui incarne toute la classe, la suavit\u00e9 et la beaut\u00e9 de la France dans une seule et m\u00eame cr\u00e9ation.<\/p>\n","protected":false},"excerpt":{"rendered":"<p>Brillant, audacieux et impossible \u00e0 ignorer &#8211; bienvenue dans le monde de Beautix, une marque \u00e9mergente de vernis \u00e0 ongles bas\u00e9e au c\u0153ur de la France. Capturez le romantisme intemporel de Paris dans notre gamme luxuriante de vernis \u00e0 ongles en gel. Nous nous sommes form\u00e9s en constatant qu&rsquo;il y avait un manque de vernis [&hellip;]<\/p>\n","protected":false},"author":1,"featured_media":0,"parent":0,"menu_order":0,"comment_status":"closed","ping_status":"closed","template":"","meta":{"footnotes":""},"class_list":["post-3260","page","type-page","status-publish","hentry"],"_links":{"self":[{"href":"https:\/\/www.beautixstore.com\/fr\/wp-json\/wp\/v2\/pages\/3260","targetHints":{"allow":["GET"]}}],"collection":[{"href":"https:\/\/www.beautixstore.com\/fr\/wp-json\/wp\/v2\/pages"}],"about":[{"href":"https:\/\/www.beautixstore.com\/fr\/wp-json\/wp\/v2\/types\/page"}],"author":[{"embeddable":true,"href":"https:\/\/www.beautixstore.com\/fr\/wp-json\/wp\/v2\/users\/1"}],"replies":[{"embeddable":true,"href":"https:\/\/www.beautixstore.com\/fr\/wp-json\/wp\/v2\/comments?post=3260"}],"version-history":[{"count":1,"href":"https:\/\/www.beautixstore.com\/fr\/wp-json\/wp\/v2\/pages\/3260\/revisions"}],"predecessor-version":[{"id":3261,"href":"https:\/\/www.beautixstore.com\/fr\/wp-json\/wp\/v2\/pages\/3260\/revisions\/3261"}],"wp:attachment":[{"href":"https:\/\/www.beautixstore.com\/fr\/wp-json\/wp\/v2\/media?parent=3260"}],"curies":[{"name":"wp","href":"https:\/\/api.w.org\/{rel}","templated":true}]}}