{"id":2286,"date":"2021-03-31T20:09:51","date_gmt":"2021-03-31T18:09:51","guid":{"rendered":"https:\/\/www.beautixstore.com\/?page_id=2286"},"modified":"2021-03-31T20:09:53","modified_gmt":"2021-03-31T18:09:53","slug":"securite-et-confidentialite","status":"publish","type":"page","link":"https:\/\/www.beautixstore.com\/fr\/securite-et-confidentialite\/","title":{"rendered":"S\u00e9curit\u00e9 et confidentialit\u00e9"},"content":{"rendered":"\n<p>Ces mesures de s\u00e9curit\u00e9s d\u00e9finissent comment notre soci\u00e9t\u00e9 Beautix Trade Saarl collecte, utilise et stocke les donn\u00e9es de chaque utilisateur sur le site http:\/\/beautixstore.com. Ces mesures sont applicables sur le site web et tous les produits et services fournis par Beautix Trade Sarl<\/p>\n\n\n\n<p><strong>Information d\u2019identification personnelle<\/strong><br>Nous pouvons collecter les informations personnelles des utilisateurs de diff\u00e9rentes mani\u00e8res, quand ceux-ci visitent notre site, ou s\u2019inscrivent sur celui-ci, r\u00e9alisent une commande, s\u2019abonnent \u00e0 la Newsletter mais \u00e9galement quand ils profitent de tout autre service fourni par notre site web. Nous demandons aux utilisateurs d\u2019utiliser un nom, adresse email, adresse, num\u00e9ro de t\u00e9l\u00e9phone et informations bancaires conformes.<br>Il est \u00e9galement possible de visiter notre site web anonymement.<\/p>\n\n\n\n<p>Nous collecterons les donn\u00e9es personnelles de nos utilisateurs uniquement si ils ont volontairement accept\u00e9 de nous les confier. Tout utilisateur peut \u00e9videmment refuser de fournir ces donn\u00e9es d\u2019identification personnelles mais ils ne pourront pas acc\u00e9der \u00e0 toute les possibilit\u00e9s propos\u00e9es sur notre site.<\/p>\n\n\n\n<p><br><strong>Information d\u2019identification non-personnelle<\/strong><\/p>\n\n\n\n<p>Nous sommes susceptible de collecter des donn\u00e9es d\u2019identification non-personnelles sur les utilisateurs quand ceux-ci int\u00e9ragissent sur notre site web. Ces donn\u00e9es peuvent inclure le nom de la navigateur, le type d\u2019ordinateur utilis\u00e9 et des donn\u00e9es techniques li\u00e9es \u00e0 la connection sur notre site web comment le fournisseur internet utilis\u00e9 ou d\u2019autres informations de ce type.<\/p>\n\n\n\n<p><br><strong>Cookies<\/strong><br>Notre site peut utiliser des \u00ab\u00a0cookies\u00a0\u00bb pour am\u00e9liorer l&rsquo;exp\u00e9rience de l&rsquo;utilisateur. Le navigateur Web de l&rsquo;utilisateur place des cookies sur son disque dur \u00e0 des fins d&rsquo;archivage et parfois pour suivre des informations le concernant. L&rsquo;utilisateur peut choisir de configurer son navigateur web pour qu&rsquo;il refuse les cookies ou pour qu&rsquo;il vous avertisse lorsque des cookies sont envoy\u00e9s. Dans ce cas, il est \u00e0 noter que certaines parties du site peuvent ne pas fonctionner correctement.<\/p>\n\n\n\n<p><strong>Comment nous utilisons les informations collect\u00e9es <\/strong><strong><\/strong><\/p>\n\n\n\n<p>Quality BeautixStore.com collecte et utilise les informations personnelles des utilisateurs aux fins suivantes :<br>&#8211; Pour am\u00e9liorer le service client Vos informations nous aident \u00e0 r\u00e9pondre plus efficacement \u00e0 vos demandes de service client et \u00e0 vos besoins d&rsquo;assistance.<br>&#8211; Pour personnaliser l&rsquo;exp\u00e9rience de l&rsquo;utilisateur Nous pouvons utiliser des informations dans l&rsquo;ensemble pour comprendre comment nos utilisateurs en tant que groupe utilisent les services et les ressources fournis sur notre site.<br>&#8211; Pour am\u00e9liorer notre site Nous nous effor\u00e7ons continuellement d&rsquo;am\u00e9liorer les offres de notre site Web en fonction des informations et des commentaires que nous recevons de votre part.<br>&#8211; Pour traiter les transactions Nous pouvons utiliser les informations que les utilisateurs fournissent sur eux-m\u00eames lorsqu&rsquo;ils passent une commande uniquement pour fournir un service pour cette commande. Nous ne partageons pas ces informations avec des tiers, sauf dans la mesure o\u00f9 cela est n\u00e9cessaire pour fournir le service.<br>&#8211; Pour g\u00e9rer un contenu, une promotion, une enqu\u00eate ou une autre fonctionnalit\u00e9 du site Pour envoyer aux utilisateurs des informations qu&rsquo;ils ont accept\u00e9 de recevoir sur des sujets que nous pensons pouvoir les int\u00e9resser.<br>&#8211; L&rsquo;adresse \u00e9lectronique fournie par les utilisateurs pour le traitement des commandes ne sera utilis\u00e9e que pour leur envoyer des informations et des mises \u00e0 jour relatives \u00e0 leur commande. Elle peut \u00e9galement \u00eatre utilis\u00e9e pour r\u00e9pondre \u00e0 leurs demandes de renseignements, et\/ou \u00e0 d&rsquo;autres demandes ou questions. Si l&rsquo;utilisateur d\u00e9cide de s&rsquo;inscrire sur notre liste de diffusion, il recevra des courriels contenant des informations sur l&rsquo;entreprise, des mises \u00e0 jour, des informations sur les produits ou services, etc. Si, \u00e0 tout moment, l&rsquo;utilisateur souhaite se d\u00e9sinscrire de la liste de diffusion, il trouvera des instructions de d\u00e9sinscription d\u00e9taill\u00e9es au bas de chaque courriel ou pourra nous contacter via notre site.<strong><\/strong><\/p>\n\n\n\n<p><br><strong>Comment nous prot\u00e9geons vos informations <\/strong><strong><\/strong><\/p>\n\n\n\n<p>Nous adoptons des pratiques appropri\u00e9es de collecte, de stockage et de traitement des donn\u00e9es ainsi que des mesures de s\u00e9curit\u00e9 pour nous prot\u00e9ger contre l&rsquo;acc\u00e8s non autoris\u00e9, la modification, la divulgation ou la destruction de vos informations personnelles, de votre nom d&rsquo;utilisateur, de votre mot de passe, des informations relatives aux transactions et des donn\u00e9es stock\u00e9es sur notre site.<br>L&rsquo;\u00e9change de donn\u00e9es sensibles et priv\u00e9es entre le site et ses utilisateurs se fait par le biais d&rsquo;un canal de communication s\u00e9curis\u00e9 SSL et est crypt\u00e9 et prot\u00e9g\u00e9 par des signatures num\u00e9riques.<br>Modifications de cette politique de confidentialit\u00e9 Beautix Trade Sarl. a la possibilit\u00e9 de mettre \u00e0 jour cette politique de confidentialit\u00e9 \u00e0 tout moment. Lorsque nous le faisons, nous publions une notification sur la page principale de notre site, nous r\u00e9visons la date de mise \u00e0 jour au bas de cette page,. Nous encourageons les utilisateurs \u00e0 consulter fr\u00e9quemment cette page pour prendre connaissance des modifications \u00e9ventuelles afin de rester inform\u00e9s de la mani\u00e8re dont nous contribuons \u00e0 prot\u00e9ger les informations personnelles que nous recueillons. Vous reconnaissez et acceptez qu&rsquo;il est de votre responsabilit\u00e9 de consulter p\u00e9riodiquement cette politique de confidentialit\u00e9 et de prendre connaissance des modifications.<br>Votre acceptation de ces conditions En utilisant ce site, vous signifiez votre acceptation de cette politique et des conditions de service. Si vous n&rsquo;acceptez pas cette politique, veuillez ne pas utiliser notre Site. Si vous continuez \u00e0 utiliser le Site apr\u00e8s la publication de modifications de la pr\u00e9sente politique, vous serez r\u00e9put\u00e9 avoir accept\u00e9 ces modifications.<br>Nous contacter Si vous avez des questions concernant la pr\u00e9sente politique de confidentialit\u00e9, les pratiques de ce site ou vos relations avec ce site, veuillez nous contacter \u00e0 l&rsquo;adresse suivante :<br><br><strong><\/strong><\/p>\n\n\n\n<p>Beautix Trade Sarl 23\/25 rue Jean-Jacques Rousseau 75001 Paris<br>http:\/\/www.beautixstore.com<br><a href=\"mailto:info@beautixstore.com\">info@beautixstore.com<\/a><\/p>\n","protected":false},"excerpt":{"rendered":"<p>Ces mesures de s\u00e9curit\u00e9s d\u00e9finissent comment notre soci\u00e9t\u00e9 Beautix Trade Saarl collecte, utilise et stocke les donn\u00e9es de chaque utilisateur sur le site http:\/\/beautixstore.com. Ces mesures sont applicables sur le site web et tous les produits et services fournis par Beautix Trade Sarl Information d\u2019identification personnelleNous pouvons collecter les informations personnelles des utilisateurs de diff\u00e9rentes [&hellip;]<\/p>\n","protected":false},"author":1,"featured_media":0,"parent":0,"menu_order":0,"comment_status":"closed","ping_status":"closed","template":"","meta":{"footnotes":""},"class_list":["post-2286","page","type-page","status-publish","hentry"],"_links":{"self":[{"href":"https:\/\/www.beautixstore.com\/fr\/wp-json\/wp\/v2\/pages\/2286","targetHints":{"allow":["GET"]}}],"collection":[{"href":"https:\/\/www.beautixstore.com\/fr\/wp-json\/wp\/v2\/pages"}],"about":[{"href":"https:\/\/www.beautixstore.com\/fr\/wp-json\/wp\/v2\/types\/page"}],"author":[{"embeddable":true,"href":"https:\/\/www.beautixstore.com\/fr\/wp-json\/wp\/v2\/users\/1"}],"replies":[{"embeddable":true,"href":"https:\/\/www.beautixstore.com\/fr\/wp-json\/wp\/v2\/comments?post=2286"}],"version-history":[{"count":1,"href":"https:\/\/www.beautixstore.com\/fr\/wp-json\/wp\/v2\/pages\/2286\/revisions"}],"predecessor-version":[{"id":2287,"href":"https:\/\/www.beautixstore.com\/fr\/wp-json\/wp\/v2\/pages\/2286\/revisions\/2287"}],"wp:attachment":[{"href":"https:\/\/www.beautixstore.com\/fr\/wp-json\/wp\/v2\/media?parent=2286"}],"curies":[{"name":"wp","href":"https:\/\/api.w.org\/{rel}","templated":true}]}}